{"id":1449,"date":"2017-04-21T11:13:03","date_gmt":"2017-04-21T11:13:03","guid":{"rendered":"http:\/\/www.autoescuelaaurrera.com\/?post_type=product&#038;p=1449"},"modified":"2026-03-14T19:33:06","modified_gmt":"2026-03-14T19:33:06","slug":"oferta-permiso-a2-moto","status":"publish","type":"product","link":"https:\/\/autoescuelaaurrera.com\/index.php\/producto\/oferta-permiso-a2-moto","title":{"rendered":"Oferta Permiso A2 moto"},"content":{"rendered":"","protected":false},"excerpt":{"rendered":"<p>Matr\u00edcula GRATIS, Clase pr\u00e1ctica de conducci\u00f3n circuito cerrado 47\u20ac y circuito abierto 64\u20ac<br \/>\nEx\u00e1menes: te\u00f3rico y circuito cerrado 50\u20ac y circuito abierto 64\u20ac<br \/>\nTasa: 94,05\u20ac<\/p>\n","protected":false},"featured_media":2539,"template":"","meta":[],"product_cat":[53],"product_tag":[],"_links":{"self":[{"href":"https:\/\/autoescuelaaurrera.com\/index.php\/wp-json\/wp\/v2\/product\/1449"}],"collection":[{"href":"https:\/\/autoescuelaaurrera.com\/index.php\/wp-json\/wp\/v2\/product"}],"about":[{"href":"https:\/\/autoescuelaaurrera.com\/index.php\/wp-json\/wp\/v2\/types\/product"}],"wp:featuredmedia":[{"embeddable":true,"href":"https:\/\/autoescuelaaurrera.com\/index.php\/wp-json\/wp\/v2\/media\/2539"}],"wp:attachment":[{"href":"https:\/\/autoescuelaaurrera.com\/index.php\/wp-json\/wp\/v2\/media?parent=1449"}],"wp:term":[{"taxonomy":"product_cat","embeddable":true,"href":"https:\/\/autoescuelaaurrera.com\/index.php\/wp-json\/wp\/v2\/product_cat?post=1449"},{"taxonomy":"product_tag","embeddable":true,"href":"https:\/\/autoescuelaaurrera.com\/index.php\/wp-json\/wp\/v2\/product_tag?post=1449"}],"curies":[{"name":"wp","href":"https:\/\/api.w.org\/{rel}","templated":true}]}}