{"id":1422,"date":"2017-04-07T21:21:06","date_gmt":"2017-04-07T21:21:06","guid":{"rendered":"http:\/\/www.autoescuelaaurrera.com\/?post_type=product&#038;p=1422"},"modified":"2026-03-14T19:38:39","modified_gmt":"2026-03-14T19:38:39","slug":"permiso-b-coche","status":"publish","type":"product","link":"https:\/\/autoescuelaaurrera.com\/index.php\/producto\/permiso-b-coche","title":{"rendered":"Permiso B coche"},"content":{"rendered":"","protected":false},"excerpt":{"rendered":"<p>Matr\u00edcula GRATIS, Clase pr\u00e1ctica de conducci\u00f3n 25\u20ac y 47\u20ac<br \/>\nEx\u00e1menes: te\u00f3rico y circulaci\u00f3n 50\u20ac<br \/>\nTasa: 94,05\u20ac<\/p>\n","protected":false},"featured_media":2542,"template":"","meta":[],"product_cat":[53],"product_tag":[],"_links":{"self":[{"href":"https:\/\/autoescuelaaurrera.com\/index.php\/wp-json\/wp\/v2\/product\/1422"}],"collection":[{"href":"https:\/\/autoescuelaaurrera.com\/index.php\/wp-json\/wp\/v2\/product"}],"about":[{"href":"https:\/\/autoescuelaaurrera.com\/index.php\/wp-json\/wp\/v2\/types\/product"}],"wp:featuredmedia":[{"embeddable":true,"href":"https:\/\/autoescuelaaurrera.com\/index.php\/wp-json\/wp\/v2\/media\/2542"}],"wp:attachment":[{"href":"https:\/\/autoescuelaaurrera.com\/index.php\/wp-json\/wp\/v2\/media?parent=1422"}],"wp:term":[{"taxonomy":"product_cat","embeddable":true,"href":"https:\/\/autoescuelaaurrera.com\/index.php\/wp-json\/wp\/v2\/product_cat?post=1422"},{"taxonomy":"product_tag","embeddable":true,"href":"https:\/\/autoescuelaaurrera.com\/index.php\/wp-json\/wp\/v2\/product_tag?post=1422"}],"curies":[{"name":"wp","href":"https:\/\/api.w.org\/{rel}","templated":true}]}}