{"id":611,"date":"2015-09-21T17:28:53","date_gmt":"2015-09-21T17:28:53","guid":{"rendered":"http:\/\/www.autoescuelaaurrera.com\/?page_id=611"},"modified":"2021-10-04T11:59:48","modified_gmt":"2021-10-04T11:59:48","slug":"b-automatico-turismo","status":"publish","type":"page","link":"https:\/\/autoescuelaaurrera.com\/index.php\/b-automatico-turismo","title":{"rendered":"B Autom\u00e1tico Turismo"},"content":{"rendered":"<p><div class=\"fusion-fullwidth fullwidth-box fusion-builder-row-1 nonhundred-percent-fullwidth non-hundred-percent-height-scrolling\" style=\"background-color: rgba(255,255,255,0);background-position: left top;background-repeat: no-repeat;padding-top:0px;padding-right:10%;padding-bottom:0px;padding-left:10%;margin-bottom: 0px;margin-top: 0px;border-width: 0px 0px 0px 0px;border-color:#eae9e9;border-style:solid;\" ><div class=\"fusion-builder-row fusion-row\"><div class=\"fusion-layout-column fusion_builder_column fusion-builder-column-0 fusion_builder_column_1_1 1_1 fusion-one-full fusion-column-first fusion-column-last fusion-column-no-min-height\" style=\"margin-top:0px;margin-bottom:0px;\"><div class=\"fusion-column-wrapper fusion-flex-column-wrapper-legacy\" style=\"background-position:left top;background-repeat:no-repeat;-webkit-background-size:cover;-moz-background-size:cover;-o-background-size:cover;background-size:cover;padding: 0px 0px 0px 0px;\"><div class=\"fusion-column-content-centered\"><div class=\"fusion-column-content\"><style type=\"text\/css\"><\/style><div class=\"fusion-title title fusion-title-1 fusion-sep-none fusion-title-center fusion-title-text fusion-title-size-two\" style=\"margin-top:0px;margin-right:0px;margin-bottom:30px;margin-left:0px;\"><h2 class=\"title-heading-center fusion-responsive-typography-calculated\" style=\"margin:0;--fontSize:35;line-height:1.29;\"><h2 style=\"text-align: center;\">B Autom\u00e1tico Permiso de turismo<\/h2><\/h2><\/div><div class=\"fusion-text fusion-text-1\"><p style=\"text-align: center;\">El <strong>carnet de coche<\/strong> B Autom\u00e1tico es el carnet que te permitir\u00e1 conducir turismos.<\/p>\n<\/div><div class=\"fusion-text fusion-text-2\"><h3 style=\"text-align: center;\">S\u00e1cate el <strong>carnet de coche B<\/strong> Autom\u00e1tico en tu <strong>Autoescuela de Vitoria-Gasteiz<\/strong><\/h3>\n<\/div><div class=\"fusion-sep-clear\"><\/div><div class=\"fusion-separator fusion-full-width-sep\" style=\"margin-left: auto;margin-right: auto;margin-top:20px;margin-bottom:20px;width:100%;\"><\/div><div class=\"fusion-sep-clear\"><\/div><\/div><\/div><div class=\"fusion-clearfix\"><\/div><\/div><\/div><\/div><\/div><div class=\"fusion-fullwidth fullwidth-box fusion-builder-row-2 nonhundred-percent-fullwidth non-hundred-percent-height-scrolling fusion-equal-height-columns\" style=\"background-color: rgba(255,255,255,0);background-position: left top;background-repeat: no-repeat;padding-top:0px;padding-right:0px;padding-bottom:0px;padding-left:0px;margin-bottom: 0px;margin-top: 0px;border-width: 0px 0px 0px 0px;border-color:#eae9e9;border-style:solid;\" ><div class=\"fusion-builder-row fusion-row\"><div class=\"fusion-layout-column fusion_builder_column fusion-builder-column-1 fusion_builder_column_1_3 1_3 fusion-one-third fusion-column-first\" style=\"margin-top:0px;margin-bottom:0px;\"><div class=\"fusion-column-wrapper fusion-flex-column-wrapper-legacy fusion-empty-column-bg-image\" style=\"background-image: url(&#039;https:\/\/autoescuelaaurrera.com\/wp-content\/uploads\/2017\/04\/3.jpg&#039;);background-position:left top;background-blend-mode: darken;background-repeat:no-repeat;-webkit-background-size:cover;-moz-background-size:cover;-o-background-size:cover;background-size:cover;background-color:rgba(0,0,0,0.2);padding: 0px 0px 0px 0px;\" data-bg-url=\"https:\/\/autoescuelaaurrera.com\/wp-content\/uploads\/2017\/04\/3.jpg\"><img class=\"fusion-empty-dims-img-placeholder fusion-no-large-visibility\" src=\"data:image\/svg+xml,%3Csvg%20xmlns%3D%27http%3A%2F%2Fwww.w3.org%2F2000%2Fsvg%27%20width%3D%27960%27%20height%3D%27783%27%20viewBox%3D%270%200%20960%20783%27%3E%3Crect%20width%3D%27960%27%20height%3D%27783%27%20fill-opacity%3D%220%22%2F%3E%3C%2Fsvg%3E\"><div class=\"fusion-clearfix\"><\/div><\/div><\/div><div class=\"fusion-layout-column fusion_builder_column fusion-builder-column-2 fusion_builder_column_2_3 2_3 fusion-two-third fusion-column-last\" style=\"margin-top:0px;margin-bottom:0px;\"><div class=\"fusion-column-wrapper fusion-flex-column-wrapper-legacy\" style=\"background-position:left top;background-repeat:no-repeat;-webkit-background-size:cover;-moz-background-size:cover;-o-background-size:cover;background-size:cover;background-color:#eaeaea;padding: 15% 15% 15% 15%;\"><div class=\"fusion-column-content-centered\"><div class=\"fusion-column-content\"><div class=\"fusion-text fusion-text-3\"><h2>Pruebas de ex\u00e1men<\/h2>\n<\/div><ul class=\"fusion-checklist fusion-checklist-1\" style=\"font-size:16px;line-height:27.2px;\"><li style=\"background-color:rgba(255,255,255,0);\" class=\"fusion-li-item\"><span style=\"background-color:#000000;font-size:14.08px;height:27.2px;width:27.2px;margin-right:11.2px;\" class=\"icon-wrapper circle-yes\"><i class=\"fusion-li-icon fa-file-alt fas\" style=\"color:#ffffff;\" aria-hidden=\"true\"><\/i><\/span><div class=\"fusion-li-item-content\" style=\"margin-left:38.4px;color:#747474;\">\n<p><strong>TE\u00d3RICA<\/strong><\/p>\n<p>Te\u00f3rica com\u00fan. Test de conocimientos de 30 preguntas. (Tiempo m\u00e1ximo de 30 minutos. 3 errores)<\/p>\n<\/div><\/li><li style=\"background-color:rgba(255,255,255,0);\" class=\"fusion-li-item\"><span style=\"background-color:#000000;font-size:14.08px;height:27.2px;width:27.2px;margin-right:11.2px;\" class=\"icon-wrapper circle-yes\"><i class=\"fusion-li-icon fa-tachometer-alt fas\" style=\"color:#ffffff;\" aria-hidden=\"true\"><\/i><\/span><div class=\"fusion-li-item-content\" style=\"margin-left:38.4px;color:#747474;\">\n<p><strong>PR\u00c1CTICA<\/strong><\/p>\n<p>Practica circulaci\u00f3n:<\/p>\n<ol>\n<li>Se realizar\u00e1n comprobaciones previas, niveles, luces&#8230;<\/li>\n<li>Prueba de conducci\u00f3n en v\u00edas abiertas al tr\u00e1fico, con 10 minutos de conducci\u00f3n aut\u00f3noma.<\/li>\n<li>La duraci\u00f3n ser\u00e1 de 25 minutos aproximadamente.<\/li>\n<li>La calificaci\u00f3n se entregar\u00e1 al d\u00eda siguiente por internet.<\/li>\n<li>Se evaluar\u00e1 la conducci\u00f3n eficiente.<\/li>\n<\/ol>\n<\/div><\/li><\/ul><\/div><\/div><div class=\"fusion-clearfix\"><\/div><\/div><\/div><\/div><\/div><div class=\"fusion-fullwidth fullwidth-box fusion-builder-row-3 fusion-flex-container fusion-parallax-none hundred-percent-fullwidth non-hundred-percent-height-scrolling\" style=\"background-color: rgba(255,255,255,0);background-image: url(&quot;https:\/\/autoescuelaaurrera.com\/wp-content\/uploads\/2017\/05\/header-gratis.jpg&quot;);background-position: center bottom;background-repeat: no-repeat;border-width: 0px 0px 0px 0px;border-color:#eae9e9;border-style:solid;-webkit-background-size:cover;-moz-background-size:cover;-o-background-size:cover;background-size:cover;\" ><div class=\"fusion-builder-row fusion-row fusion-flex-align-items-center fusion-flex-justify-content-center\" style=\"width:104% !important;max-width:104% !important;margin-left: calc(-4% \/ 2 );margin-right: calc(-4% \/ 2 );\"><div class=\"fusion-layout-column fusion_builder_column fusion-builder-column-3 fusion_builder_column_1_1 1_1 fusion-flex-column fusion-flex-align-self-flex-start fusion-column-no-min-height\"><div class=\"fusion-column-wrapper fusion-flex-justify-content-center fusion-content-layout-column\" style=\"background-position:left top;background-repeat:no-repeat;-webkit-background-size:cover;-moz-background-size:cover;-o-background-size:cover;background-size:cover;padding: 0px 0px 0px 0px;\"><div class=\"fusion-text fusion-text-4\" style=\"text-align:center;color:#ffffff;\"><h2 style=\"text-align: center; color: #fff;\">\u00a1No me lo pienso m\u00e1s!<\/h2>\n<\/div><div style=\"text-align:center;\"><style>.fusion-button.button-1{border-color:#ffffff;border-radius:0px 0px 0px 0px;background:#3e7ccc;}.fusion-button.button-1 .fusion-button-text,.fusion-button.button-1 i,.fusion-button.button-1:hover .fusion-button-text,.fusion-button.button-1:hover i,.fusion-button.button-1:focus .fusion-button-text,.fusion-button.button-1:focus i,.fusion-button.button-1:active .fusion-button-text,.fusion-button.button-1:active i{color:#ffffff;}.fusion-button.button-1:hover,.fusion-button.button-1:active,.fusion-button.button-1:focus{border-color:#ffffff;background:#2d69b6;}<\/style><a class=\"fusion-button button-flat button-large button-custom button-1 fusion-button-span-no \" target=\"_self\" href=\"http:\/\/www.autoescuelaaurrera.com\/index.php\/matricularme\"><span class=\"fusion-button-text\">MATRICULARME<\/span><\/a><\/div><\/div><style type=\"text\/css\">.fusion-body .fusion-builder-column-3{width:100% !important;margin-top : 50px;margin-bottom : 50px;}.fusion-builder-column-3 > .fusion-column-wrapper {padding-top : 0px !important;padding-right : 0px !important;margin-right : 1.92%;padding-bottom : 0px !important;padding-left : 0px !important;margin-left : 1.92%;}@media only screen and (max-width:1024px) {.fusion-body .fusion-builder-column-3{width:100% !important;order : 0;}.fusion-builder-column-3 > .fusion-column-wrapper {margin-right : 1.92%;margin-left : 1.92%;}}@media only screen and (max-width:640px) {.fusion-body .fusion-builder-column-3{width:100% !important;order : 0;}.fusion-builder-column-3 > .fusion-column-wrapper {margin-right : 1.92%;margin-left : 1.92%;}}<\/style><\/div><\/div><style type=\"text\/css\">.fusion-body .fusion-flex-container.fusion-builder-row-3{ padding-top : 0px;margin-top : 0px;padding-right : 0px;padding-bottom : 0px;margin-bottom : 0px;padding-left : 0px;}<\/style><\/div>\n<\/p>\n","protected":false},"excerpt":{"rendered":"","protected":false},"author":1,"featured_media":0,"parent":0,"menu_order":0,"comment_status":"closed","ping_status":"closed","template":"100-width.php","meta":[],"_links":{"self":[{"href":"https:\/\/autoescuelaaurrera.com\/index.php\/wp-json\/wp\/v2\/pages\/611"}],"collection":[{"href":"https:\/\/autoescuelaaurrera.com\/index.php\/wp-json\/wp\/v2\/pages"}],"about":[{"href":"https:\/\/autoescuelaaurrera.com\/index.php\/wp-json\/wp\/v2\/types\/page"}],"author":[{"embeddable":true,"href":"https:\/\/autoescuelaaurrera.com\/index.php\/wp-json\/wp\/v2\/users\/1"}],"replies":[{"embeddable":true,"href":"https:\/\/autoescuelaaurrera.com\/index.php\/wp-json\/wp\/v2\/comments?post=611"}],"version-history":[{"count":34,"href":"https:\/\/autoescuelaaurrera.com\/index.php\/wp-json\/wp\/v2\/pages\/611\/revisions"}],"predecessor-version":[{"id":2618,"href":"https:\/\/autoescuelaaurrera.com\/index.php\/wp-json\/wp\/v2\/pages\/611\/revisions\/2618"}],"wp:attachment":[{"href":"https:\/\/autoescuelaaurrera.com\/index.php\/wp-json\/wp\/v2\/media?parent=611"}],"curies":[{"name":"wp","href":"https:\/\/api.w.org\/{rel}","templated":true}]}}